{"id":7884,"date":"2022-07-08T11:15:40","date_gmt":"2022-07-08T08:15:40","guid":{"rendered":"https:\/\/ekspressmoobel.ee\/?page_id=7884"},"modified":"2022-10-04T15:07:08","modified_gmt":"2022-10-04T12:07:08","slug":"rassrochka-esto","status":"publish","type":"page","link":"https:\/\/ekspressmoobel.ee\/ru\/rassrochka-esto\/","title":{"rendered":"\u0420\u0430\u0441\u0441\u0440\u043e\u0447\u043a\u0430 ESTO"},"content":{"rendered":"<p>[et_pb_section fb_built=&#187;1&#8243; _builder_version=&#187;4.17.4&#8243; _module_preset=&#187;default&#187; custom_padding=&#187;0px||||false|false&#187; global_colors_info=&#187;{}&#187;][et_pb_row _builder_version=&#187;4.17.4&#8243; _module_preset=&#187;default&#187; global_colors_info=&#187;{}&#187;][et_pb_column type=&#187;4_4&#8243; _builder_version=&#187;4.17.4&#8243; _module_preset=&#187;default&#187; global_colors_info=&#187;{}&#187;][et_pb_image src=&#187;https:\/\/ekspressmoobel.ee\/wp-content\/uploads\/2022\/08\/ESTO_jarelmaks_banner_RUS.webp&#187; alt=&#187;\u041c\u0435\u0431\u0435\u043b\u044c \u0432 \u0440\u0430\u0441\u0441\u0440\u043e\u0447\u043a\u0443&#187; title_text=&#187;ESTO_jarelmaks_banner_RUS&#187; align=&#187;center&#187; _builder_version=&#187;4.18.0&#8243; _module_preset=&#187;default&#187; global_colors_info=&#187;{}&#187;][\/et_pb_image][et_pb_text _builder_version=&#187;4.18.0&#8243; _module_preset=&#187;default&#187; link_text_color=&#187;#2A2A2A&#187; hover_enabled=&#187;0&#8243; global_colors_info=&#187;{}&#187; sticky_enabled=&#187;0&#8243;]<\/p>\n<h2>\u041c\u0435\u0431\u0435\u043b\u044c \u0432 \u0440\u0430\u0441\u0441\u0440\u043e\u0447\u043a\u0443 ESTO \u2013 \u043d\u0435 \u0445\u043e\u0442\u0438\u0442\u0435 \u043f\u043b\u0430\u0442\u0438\u0442\u044c \u043f\u043e\u043b\u043d\u0443\u044e \u0441\u0443\u043c\u043c\u0443 \u0441\u0440\u0430\u0437\u0443? \u041f\u043b\u0430\u0442\u0438\u0442\u0435 \u0447\u0430\u0441\u0442\u044f\u043c\u0438!<\/h2>\n<p>\u041c\u0435\u0431\u0435\u043b\u044c \u0432 \u0440\u0430\u0441\u0441\u0440\u043e\u0447\u043a\u0443 <a href=\"https:\/\/esto.eu\/ee?lang=ru\" target=\"_blank\" rel=\"noopener\">ESTO<\/a> \u2014 \u0441\u0430\u043c\u0430\u044f \u0434\u043e\u0441\u0442\u0443\u043f\u043d\u0430\u044f, \u0443\u0434\u043e\u0431\u043d\u0430\u044f \u0438 \u0431\u044b\u0441\u0442\u0440\u0430\u044f \u0441\u0441\u044b\u043b\u043a\u0430 \u0440\u0430\u0441\u0441\u0440\u043e\u0447\u043a\u0438 \u0432 \u042d\u0441\u0442\u043e\u043d\u0438\u0438!<\/p>\n<p>\u041f\u0440\u0438 \u043e\u043f\u043b\u0430\u0442\u0435 \u0432 \u0440\u0430\u0441\u0441\u0440\u043e\u0447\u043a\u0443, \u043f\u043e\u0436\u0430\u043b\u0443\u0439\u0441\u0442\u0430, \u0441\u0432\u044f\u0436\u0438\u0442\u0435\u0441\u044c \u0441\u043e \u0441\u043b\u0443\u0436\u0431\u043e\u0439 \u043f\u043e\u0434\u0434\u0435\u0440\u0436\u043a\u0438 \u043a\u043b\u0438\u0435\u043d\u0442\u043e\u0432 ESTO \u0438\u043b\u0438 <a href=\"https:\/\/ekspressmoobel.ee\/ru\/kontakt\/\">Ekspress M\u00f6\u00f6bel<\/a>, \u0438 \u0432\u0430\u043c \u0431\u0443\u0434\u0435\u0442 \u043f\u0440\u0435\u0434\u043e\u0441\u0442\u0430\u0432\u043b\u0435\u043d\u0430 \u0441\u0441\u044b\u043b\u043a\u0430 \u043d\u0430 \u0440\u0430\u0441\u0441\u0440\u043e\u0447\u043a\u0443. \u041f\u0440\u0438 \u0441\u043e\u0432\u0435\u0440\u0448\u0435\u043d\u0438\u0438 \u043f\u043b\u0430\u0442\u0435\u0436\u0430 \u0432\u044b\u0431\u0435\u0440\u0438\u0442\u0435 \u043f\u0435\u0440\u0438\u043e\u0434 \u043e\u043f\u043b\u0430\u0442\u044b, \u0441\u0443\u043c\u043c\u0443 \u0435\u0436\u0435\u043c\u0435\u0441\u044f\u0447\u043d\u043e\u0433\u043e \u043f\u043b\u0430\u0442\u0435\u0436\u0430 \u0438 \u043f\u043e\u0434\u043f\u0438\u0448\u0438\u0442\u0435 \u0434\u043e\u0433\u043e\u0432\u043e\u0440 \u0441 \u043f\u043e\u043c\u043e\u0449\u044c\u044e \u0441\u0432\u043e\u0435\u0439 ID-\u043a\u0430\u0440\u0442\u044b, Smart-ID \u0438\u043b\u0438 Mobile ID.<\/p>\n<p>\u0420\u0430\u0441\u0441\u0440\u043e\u0447\u043a\u0430 ESTO \u2014 \u044d\u0442\u043e \u0447\u0440\u0435\u0437\u0432\u044b\u0447\u0430\u0439\u043d\u043e \u0431\u044b\u0441\u0442\u0440\u043e\u0435 \u0438 \u0443\u0434\u043e\u0431\u043d\u043e\u0435 \u043f\u043b\u0430\u0442\u0435\u0436\u043d\u043e\u0435 \u0440\u0435\u0448\u0435\u043d\u0438\u0435, \u043a\u043e\u0442\u043e\u0440\u043e\u0435 \u043f\u043e\u043c\u043e\u0436\u0435\u0442 \u0432\u0430\u043c \u043f\u043e\u0434\u0433\u043e\u0442\u043e\u0432\u0438\u0442\u044c \u0433\u0440\u0430\u0444\u0438\u043a \u043f\u043b\u0430\u0442\u0435\u0436\u0435\u0439 \u043d\u0430 \u043e\u0441\u043d\u043e\u0432\u0435 \u0432\u044b\u0431\u0440\u0430\u043d\u043d\u043e\u0433\u043e \u0432\u0430\u043c\u0438 \u043f\u0435\u0440\u0438\u043e\u0434\u0430, \u0442\u043e \u0435\u0441\u0442\u044c \u043f\u043b\u0430\u0442\u0438\u0442\u044c \u0447\u0430\u0441\u0442\u044f\u043c\u0438.<br \/>\u042d\u0442\u043e \u043f\u043b\u0430\u0442\u0435\u0436\u043d\u043e\u0435 \u0440\u0435\u0448\u0435\u043d\u0438\u0435 \u043f\u0440\u0438\u043d\u0438\u043c\u0430\u0435\u0442 \u043a\u0440\u0435\u0434\u0438\u0442\u043d\u043e\u0435 \u0440\u0435\u0448\u0435\u043d\u0438\u0435 \u0432 \u0440\u0435\u0430\u043b\u044c\u043d\u043e\u043c \u0432\u0440\u0435\u043c\u0435\u043d\u0438 \u0438 \u043f\u043e\u043c\u043e\u0433\u0430\u0435\u0442 \u0441\u043e\u0432\u0435\u0440\u0448\u0438\u0442\u044c \u043f\u043e\u043a\u0443\u043f\u043a\u0443 \u043c\u0435\u043d\u0435\u0435 \u0447\u0435\u043c \u0437\u0430 60 \u0441\u0435\u043a\u0443\u043d\u0434.<\/p>\n<p><strong>\u0412\u041d\u0418\u041c\u0410\u041d\u0418\u0415!<\/strong> \u041a\u0430\u0436\u0434\u0430\u044f \u0440\u0430\u0441\u0441\u0440\u043e\u0447\u043a\u0430 \u043f\u0440\u0435\u0434\u0441\u0442\u0430\u0432\u043b\u044f\u0435\u0442 \u0441\u043e\u0431\u043e\u0439 \u0444\u0438\u043d\u0430\u043d\u0441\u043e\u0432\u043e\u0435 \u043e\u0431\u044f\u0437\u0430\u0442\u0435\u043b\u044c\u0441\u0442\u0432\u043e. \u041f\u0440\u0435\u0436\u0434\u0435 \u0447\u0435\u043c \u0437\u0430\u043a\u043b\u044e\u0447\u0430\u0442\u044c \u0434\u043e\u0433\u043e\u0432\u043e\u0440 \u0440\u0430\u0441\u0441\u0440\u043e\u0447\u043a\u0438, \u043e\u0437\u043d\u0430\u043a\u043e\u043c\u044c\u0442\u0435\u0441\u044c \u0441 \u0443\u0441\u043b\u043e\u0432\u0438\u044f\u043c\u0438 \u0443\u0441\u043b\u0443\u0433\u0438 \u0438 \u043f\u0440\u0438 \u043d\u0435\u043e\u0431\u0445\u043e\u0434\u0438\u043c\u043e\u0441\u0442\u0438 \u043e\u0431\u0440\u0430\u0442\u0438\u0442\u0435\u0441\u044c \u043a \u044d\u043a\u0441\u043f\u0435\u0440\u0442\u0443.<\/p>\n<p>\u041f\u043e\u0441\u0442\u0430\u0432\u0449\u0438\u043a \u0443\u0441\u043b\u0443\u0433\u0438 \u0440\u0430\u0441\u0441\u0440\u043e\u0447\u043a\u0438 \u044f\u0432\u043b\u044f\u0435\u0442\u0441\u044f ESTO AS (\u0440\u0435\u0433. \u043a\u043e\u0434 14180709).<\/p>\n<p><strong>\u0420\u0435\u0433\u0443\u043b\u044f\u0440\u043d\u044b\u0435 \u0443\u0441\u043b\u043e\u0432\u0438\u044f \u0440\u0430\u0441\u0441\u0440\u043e\u0447\u043a\u0438 ESTO \u0437\u0430\u043a\u043b\u044e\u0447\u0430\u044e\u0442\u0441\u044f \u0432 \u0441\u043b\u0435\u0434\u0443\u044e\u0449\u0435\u043c:<\/strong><br \/>\u2022 \u0418\u043d\u0442\u0440\u0435\u0441 11.9%<br \/>\u2022 \u041a\u043e\u043d\u0442\u0440\u0430\u043a\u0442\u043d\u044b\u0439 \u0441\u0431\u043e\u0440 0 \u0435\u0432\u0440\u043e<br \/>\u2022 \u041f\u0435\u0440\u0438\u043e\u0434 \u0434\u043e 5 \u043b\u0435\u0442<\/p>\n<p>\u0412\u0441\u0435 \u0433\u0440\u0430\u0436\u0434\u0430\u043d\u0435 \u042d\u0441\u0442\u043e\u043d\u0441\u043a\u043e\u0439 \u0420\u0435\u0441\u043f\u0443\u0431\u043b\u0438\u043a\u0438 \u0432 \u0432\u043e\u0437\u0440\u0430\u0441\u0442\u0435 \u043e\u0442 18 \u0434\u043e 70 \u043b\u0435\u0442 \u043c\u043e\u0433\u0443\u0442 \u043f\u043e\u0434\u0430\u0442\u044c \u0437\u0430\u044f\u0432\u043a\u0443 \u043d\u0430 \u0440\u0430\u0441\u0441\u0440\u043e\u0447\u043a\u0443 ESTO.<\/p>\n<p><em>\u041a\u0430\u0436\u0434\u043e\u0435 \u0444\u0438\u043d\u0430\u043d\u0441\u043e\u0432\u043e\u0435 \u0440\u0435\u0448\u0435\u043d\u0438\u0435 \u0441\u0432\u044f\u0437\u0430\u043d\u043e \u0441 \u0440\u0438\u0441\u043a\u0430\u043c\u0438 \u0438 \u043e\u0431\u044f\u0437\u0430\u0442\u0435\u043b\u044c\u0441\u0442\u0432\u0430\u043c\u0438, \u0438 \u043f\u043e\u044d\u0442\u043e\u043c\u0443 \u043c\u044b \u0442\u0440\u0435\u0431\u0443\u0435\u043c \u0442\u0449\u0430\u0442\u0435\u043b\u044c\u043d\u043e\u0433\u043e \u0440\u0430\u0441\u0441\u043c\u043e\u0442\u0440\u0435\u043d\u0438\u044f \u043d\u0435\u043e\u0431\u0445\u043e\u0434\u0438\u043c\u043e\u0441\u0442\u0438 \u043f\u043e\u0442\u0440\u0435\u0431\u043b\u0435\u043d\u0438\u044f \u043a\u0440\u0435\u0434\u0438\u0442\u043d\u044b\u0445 \u043f\u0440\u043e\u0434\u0443\u043a\u0442\u043e\u0432. \u041d\u0430\u043f\u0440\u0438\u043c\u0435\u0440, \u0434\u043b\u044f \u043a\u0440\u0435\u0434\u0438\u0442\u0430 \u0432 \u0440\u0430\u0437\u043c\u0435\u0440\u0435 1059 \u0435\u0432\u0440\u043e \u043d\u0430 24 \u043c\u0435\u0441\u044f\u0446\u0435\u0432 \u0441 \u0444\u0438\u043a\u0441\u0438\u0440\u043e\u0432\u0430\u043d\u043d\u043e\u0439 \u043f\u0440\u043e\u0446\u0435\u043d\u0442\u043d\u043e\u0439 \u0441\u0442\u0430\u0432\u043a\u043e\u0439 \u0432 \u0440\u0430\u0437\u043c\u0435\u0440\u0435 13.90% \u043e\u0442 \u043f\u0435\u0440\u0432\u043e\u043d\u0430\u0447\u0430\u043b\u044c\u043d\u043e\u0439 \u0441\u0443\u043c\u043c\u044b \u0432 \u0433\u043e\u0434, \u0441 \u043a\u043e\u043d\u0442\u0440\u0430\u043a\u0442\u043d\u043e\u0439 \u043f\u043b\u0430\u0442\u043e\u0439 \u0432 \u0440\u0430\u0437\u043c\u0435\u0440\u0435 14.90 \u0435\u0432\u0440\u043e, \u0441\u043e\u0441\u0442\u0430\u0432\u043b\u044f\u0435\u0442 \u0441\u0442\u043e\u0438\u043c\u043e\u0441\u0442\u044c \u043a\u0440\u0435\u0434\u0438\u0442\u0430 38.14%, \u0435\u0436\u0435\u043c\u0435\u0441\u044f\u0447\u043d\u044b\u0439 \u043f\u043b\u0430\u0442\u0435\u0436 \u0432 \u0440\u0430\u0437\u043c\u0435\u0440\u0435 60.72 \u0435\u0432\u0440\u043e \u0438 \u043e\u0431\u0449\u0438\u0439 \u0432\u044b\u043a\u0443\u043f \u043f\u043e\u0442\u0440\u0435\u0431\u0438\u0442\u0435\u043b\u044f 1458.28 \u0435\u0432\u0440\u043e.<\/em><\/p>\n<p>[\/et_pb_text][\/et_pb_column][\/et_pb_row][\/et_pb_section]<\/p>\n","protected":false},"excerpt":{"rendered":"<p>\u041c\u0435\u0431\u0435\u043b\u044c \u0432 \u0440\u0430\u0441\u0441\u0440\u043e\u0447\u043a\u0443 ESTO \u2013 \u043d\u0435 \u0445\u043e\u0442\u0438\u0442\u0435 \u043f\u043b\u0430\u0442\u0438\u0442\u044c \u043f\u043e\u043b\u043d\u0443\u044e \u0441\u0443\u043c\u043c\u0443 \u0441\u0440\u0430\u0437\u0443? \u041f\u043b\u0430\u0442\u0438\u0442\u0435 \u0447\u0430\u0441\u0442\u044f\u043c\u0438! \u041c\u0435\u0431\u0435\u043b\u044c \u0432 \u0440\u0430\u0441\u0441\u0440\u043e\u0447\u043a\u0443 ESTO \u2014 \u0441\u0430\u043c\u0430\u044f \u0434\u043e\u0441\u0442\u0443\u043f\u043d\u0430\u044f, \u0443\u0434\u043e\u0431\u043d\u0430\u044f \u0438 \u0431\u044b\u0441\u0442\u0440\u0430\u044f \u0441\u0441\u044b\u043b\u043a\u0430 \u0440\u0430\u0441\u0441\u0440\u043e\u0447\u043a\u0438 \u0432 \u042d\u0441\u0442\u043e\u043d\u0438\u0438! \u041f\u0440\u0438 \u043e\u043f\u043b\u0430\u0442\u0435 \u0432 \u0440\u0430\u0441\u0441\u0440\u043e\u0447\u043a\u0443, \u043f\u043e\u0436\u0430\u043b\u0443\u0439\u0441\u0442\u0430, \u0441\u0432\u044f\u0436\u0438\u0442\u0435\u0441\u044c \u0441\u043e \u0441\u043b\u0443\u0436\u0431\u043e\u0439 \u043f\u043e\u0434\u0434\u0435\u0440\u0436\u043a\u0438 \u043a\u043b\u0438\u0435\u043d\u0442\u043e\u0432 ESTO \u0438\u043b\u0438 Ekspress M\u00f6\u00f6bel, \u0438 \u0432\u0430\u043c \u0431\u0443\u0434\u0435\u0442 \u043f\u0440\u0435\u0434\u043e\u0441\u0442\u0430\u0432\u043b\u0435\u043d\u0430 \u0441\u0441\u044b\u043b\u043a\u0430 \u043d\u0430 \u0440\u0430\u0441\u0441\u0440\u043e\u0447\u043a\u0443. \u041f\u0440\u0438 \u0441\u043e\u0432\u0435\u0440\u0448\u0435\u043d\u0438\u0438 \u043f\u043b\u0430\u0442\u0435\u0436\u0430 \u0432\u044b\u0431\u0435\u0440\u0438\u0442\u0435 \u043f\u0435\u0440\u0438\u043e\u0434 \u043e\u043f\u043b\u0430\u0442\u044b, \u0441\u0443\u043c\u043c\u0443 [&hellip;]<\/p>\n","protected":false},"author":2,"featured_media":0,"parent":0,"menu_order":0,"comment_status":"closed","ping_status":"closed","template":"","meta":{"_et_pb_use_builder":"on","_et_pb_old_content":"[et_pb_section fb_built=\"1\" _builder_version=\"4.17.4\" _module_preset=\"default\" hover_enabled=\"0\" global_colors_info=\"{}\" custom_padding=\"0px||||false|false\" sticky_enabled=\"0\"][et_pb_row _builder_version=\"4.17.4\" _module_preset=\"default\" global_colors_info=\"{}\"][et_pb_column type=\"4_4\" _builder_version=\"4.17.4\" _module_preset=\"default\" global_colors_info=\"{}\"][et_pb_image src=\"https:\/\/ekspressmoobel.ee\/wp-content\/uploads\/2022\/07\/Esto_jarelmaks_banner-1.webp\" title_text=\"Esto_jarelmaks_banner\" align=\"center\" _builder_version=\"4.17.4\" _module_preset=\"default\" global_colors_info=\"{}\"][\/et_pb_image][et_pb_text _builder_version=\"4.17.4\" _module_preset=\"default\" global_colors_info=\"{}\"]<h2>ESTO j\u00e4relmaks \u2013 ei soovi maksta kogu summat korraga? Maksa osamaksete kaupa!<\/h2>\r\n\r\nKasuta toodete v\u00f5i teenuste eest maksmisel just ESTO j\u00e4relmaksu \u2013 k\u00f5ige soodsam, mugavam ja kiirem j\u00e4relmaksulink Eestis!\r\n\r\nLisa tooted ostukorvi, kinnita oma tellimus ning vali makseviisidest ESTO j\u00e4relmaksu link. Maksmisel valige sobiv periood, igakuise osamakse suurus ning digiallkirjastage mugavalt ID-kaardi, Smart-ID v\u00f5i Mobiili-ID abil.\r\n\r\n\r\nESTO j\u00e4relmaksu puhul on tegemist \u00fclimalt kiire ning mugava makselahendusega, mis aitab koostada sulle sinu poolt valitud perioodi alusel maksegraafiku ehk maksta osamaksete kaupa. Antud makselahendus teeb krediidiotsuse reaalajas ning aitab ostu sooritada v\u00e4hem kui 60 sekundiga.\r\n\r\n<strong>T\u00c4HELEPANU!<\/strong>\u00a0Iga j\u00e4relmaks on finantskohustus. Enne j\u00e4relmaksulepingu s\u00f5lmimist tutvuge vastava teenuse tingimustega ning vajadusel konsulteerige asjatundjaga.\r\n\r\nESTO j\u00e4relmaksu pakkujaks on ESTO AS (reg. kood 14180709).\r\n\r\n<strong>ESTO j\u00e4relmaksu tingimused on j\u00e4rgnevad:<\/strong>\r\n\u2022 Intress 11.9%\r\n\u2022 Lepingutasu 0\u20ac\r\n\u2022 Periood kuni 5 aastat\r\n\r\nESTO j\u00e4relmaksu saavad taotleda k\u00f5ik 18-70-aastased Eesti Vabariigi kodanikud.\u00a0<strong>ESTO j\u00e4relmaksu on v\u00f5imalik vormistada kiirelt ja mugavalt ka juriidilisele isikule.<\/strong>\r\n\r\n<em>Iga finantsotsusega kaasnevad riskid ja kohustused, mist\u00f5ttu palume laenutoodete tarbimise vajadus hoolikalt l\u00e4bi m\u00f5elda. N\u00e4iteks 799-eurose laenusumma puhul 24 kuuks fikseeritud intressiga 11.90% aastas ja lepingutasuga 0 eurot on krediidi kulukuse m\u00e4\u00e4r 23.65%, kuumakse suurus 41.22 eurot ning tarbija poolt tagasimakstav kogusumma 989.28 eurot. J\u00e4relmaks on finantskohustus ning enne otsuse tegemist tutvuge p\u00f5hjalikult lepingutingimustega ja vajadusel pidage n\u00f5u ESTO AS t\u00f6\u00f6tajaga v\u00f5i muu asjatundjaga.<\/em>[\/et_pb_text][\/et_pb_column][\/et_pb_row][et_pb_row _builder_version=\"4.17.4\" _module_preset=\"default\" global_colors_info=\"{}\"][et_pb_column type=\"4_4\" _builder_version=\"4.17.4\" _module_preset=\"default\" global_colors_info=\"{}\"][et_pb_text _builder_version=\"4.17.4\" _module_preset=\"default\" header_3_font_size=\"30px\" global_colors_info=\"{}\"]<h3>ESTO 3-osaline makseviis \u2013 ajata enda ostukorvi maksumus kolmeks v\u00f5rdseks makseks ilma \u00fchegi lisatasuta!<\/h3>[\/et_pb_text][et_pb_image src=\"https:\/\/ekspressmoobel.ee\/wp-content\/uploads\/2022\/07\/esto1.webp\" title_text=\"esto1\" align=\"center\" _builder_version=\"4.17.4\" _module_preset=\"default\" global_colors_info=\"{}\"][\/et_pb_image][et_pb_text _builder_version=\"4.17.4\" _module_preset=\"default\" global_colors_info=\"{}\"]<p>Kasuta toodete v\u00f5i teenuste eest maksmisel <strong>ESTO 3-osalist SLICE makseviisi<\/strong> \u2013 ajata enda ostukorvi maksumus kolmeks v\u00f5rdseks makseks, ilma \u00fchtegi lisatasu maksmata!<\/p>\r\n<p>Lisa tooted ostukorvi, kinnita oma tellimus ning vali makseviisiks <strong>ESTO 3<\/strong> ning digiallkirjasta mugavalt Smart-ID, Mobiil-ID lahendusega v\u00f5i ID-kaardiga.<\/p>\r\n<p>\u2022 Tasudes enda ostukorvi maksumuse t\u00e4ies ulatuses ja \u00f5igeaegselt kolme kuu jooksul, siis ei lisandu mitte \u00fchtegi lisatasu.<br \/>\u2022 Kuutasu kujuneb ostukorvi maksumuse jagamisel kolmeks v\u00f5rdseks osaks.<br \/>\u2022 ESTO 3 saavad taotleda k\u00f5ik 18-70 aastased Eesti Vabariigi kodanikud.<\/p>[\/et_pb_text][\/et_pb_column][\/et_pb_row][et_pb_row _builder_version=\"4.17.4\" _module_preset=\"default\" global_colors_info=\"{}\"][et_pb_column type=\"4_4\" _builder_version=\"4.17.4\" _module_preset=\"default\" global_colors_info=\"{}\"][et_pb_text _builder_version=\"4.17.4\" _module_preset=\"default\" text_font=\"|700|||||||\" global_colors_info=\"{}\"]ESTO 3 makseviisi tingimused[\/et_pb_text][et_pb_image src=\"https:\/\/ekspressmoobel.ee\/wp-content\/uploads\/2022\/07\/esto2.webp\" title_text=\"esto2\" align=\"center\" _builder_version=\"4.17.4\" _module_preset=\"default\" global_colors_info=\"{}\"][\/et_pb_image][et_pb_text _builder_version=\"4.17.4\" _module_preset=\"default\" global_colors_info=\"{}\"]<p><strong>ESTO 3 makseviisi<\/strong>\u00a0teenusepakkujaks on ESTO AS.<\/p>\r\n<p>ESTO 3 krediidi kulukuse m\u00e4\u00e4r on 0% j\u00e4rgmistel n\u00e4idistingimustel: intress 0% aastas, puuduvad tasud.<\/p>\r\n<p>ESTO 3-osalise makseviisi teenusepakkujaks on\u00a0<strong>ESTO AS<\/strong>.<\/p>\r\n<p><em>E-mail: info@esto.ee<\/em><br \/><em>Telefon: (+372) 622 52 52<\/em><\/p>[\/et_pb_text][\/et_pb_column][\/et_pb_row][\/et_pb_section]","_et_gb_content_width":"","footnotes":""},"dipi_cpt_category":[],"class_list":["post-7884","page","type-page","status-publish","hentry"],"rankMath":{"parentDomain":"ekspressmoobel.ee","noFollowDomains":[],"noFollowExcludeDomains":[],"noFollowExternalLinks":false,"featuredImageNotice":"\u041f\u043e\u043a\u0430\u0437\u0430\u043d\u043d\u043e\u0435 \u0438\u0437\u043e\u0431\u0440\u0430\u0436\u0435\u043d\u0438\u0435 \u0434\u043e\u043b\u0436\u043d\u043e \u0431\u044b\u0442\u044c \u0440\u0430\u0437\u043c\u0435\u0440\u043e\u043c \u043d\u0435 \u043c\u0435\u043d\u0435\u0435 200 \u043d\u0430 200 \u043f\u0438\u043a\u0441\u0435\u043b\u0435\u0439, \u0447\u0442\u043e\u0431\u044b \u0435\u0433\u043e \u043c\u043e\u0433\u043b\u0438 \u0443\u0432\u0438\u0434\u0435\u0442\u044c Facebook \u0438 \u0434\u0440\u0443\u0433\u0438\u0435 \u0441\u0430\u0439\u0442\u044b \u0441\u043e\u0446\u0438\u0430\u043b\u044c\u043d\u044b\u0445 \u0441\u0435\u0442\u0435\u0439.","pluginReviewed":false,"postSettings":{"linkSuggestions":true,"useFocusKeyword":false},"frontEndScore":false,"postName":"rassrochka-esto","permalinkFormat":"https:\/\/ekspressmoobel.ee\/ru\/%pagename%\/","showLockModifiedDate":true,"assessor":{"focusKeywordLink":"https:\/\/ekspressmoobel.ee\/wp-admin\/edit.php?focus_keyword=%focus_keyword%&post_type=%post_type%","hasTOCPlugin":{"easy-table-of-contents\/easy-table-of-contents.php":"Easy Table of Contents"},"primaryTaxonomy":false,"serpData":{"title":"\u041c\u0435\u0431\u0435\u043b\u044c \u0432 \u0440\u0430\u0441\u0441\u0440\u043e\u0447\u043a\u0443 ESTO %sep% %sitename%","description":"\u041c\u0435\u0431\u0435\u043b\u044c \u0432 \u0440\u0430\u0441\u0441\u0440\u043e\u0447\u043a\u0443 ESTO \u2014 \u044d\u0442\u043e \u0447\u0440\u0435\u0437\u0432\u044b\u0447\u0430\u0439\u043d\u043e \u0431\u044b\u0441\u0442\u0440\u043e\u0435 \u0438 \u0443\u0434\u043e\u0431\u043d\u043e\u0435 \u043f\u043b\u0430\u0442\u0435\u0436\u043d\u043e\u0435 \u0440\u0435\u0448\u0435\u043d\u0438\u0435 \u0432 \u042d\u0441\u0442\u043e\u043d\u0438\u0438!","focusKeywords":"\u043c\u0435\u0431\u0435\u043b\u044c \u0432 \u0440\u0430\u0441\u0441\u0440\u043e\u0447\u043a\u0443","pillarContent":false,"canonicalUrl":"","breadcrumbTitle":"","advancedRobots":[],"facebookTitle":"","facebookDescription":"","facebookImage":"","facebookImageID":"","facebookHasOverlay":false,"facebookImageOverlay":"","facebookAuthor":"","twitterCardType":"","twitterUseFacebook":true,"twitterTitle":"","twitterDescription":"","twitterImage":"","twitterImageID":"","twitterHasOverlay":false,"twitterImageOverlay":"","twitterPlayerUrl":"","twitterPlayerSize":"","twitterPlayerStream":"","twitterPlayerStreamCtype":"","twitterAppDescription":"","twitterAppIphoneName":"","twitterAppIphoneID":"","twitterAppIphoneUrl":"","twitterAppIpadName":"","twitterAppIpadID":"","twitterAppIpadUrl":"","twitterAppGoogleplayName":"","twitterAppGoogleplayID":"","twitterAppGoogleplayUrl":"","twitterAppCountry":"","robots":{"index":true},"twitterAuthor":"\u0438\u043c\u044f \u043f\u043e\u043b\u044c\u0437\u043e\u0432\u0430\u0442\u0435\u043b\u044f","primaryTerm":0,"authorName":"support","titleTemplate":"%title% %sep% %sitename%","descriptionTemplate":"%excerpt%","showScoreFrontend":true,"lockModifiedDate":false},"powerWords":[],"diacritics":{"A":"[\\u0410\\u0430]","B":"[\\u0411\\u0431]","V":"[\\u0412\\u0432]","G":"[\\u0413\\u0433]","D":"[\\u0414\\u0434]","YE":"[\\u0415\\u0435]","YO":"[\\u0401\\u0451]","ZH":"[\\u0416\\u0436]","Z":"[\\u0417\\u0437]","EE":"[\\u0418\\u0438]","YI":"[\\u0419\\u0439]","K":"[\\u041A\\u043A]","L":"[\\u041B\\u043B]","M":"[\\u041C\\u043c]","P":"[\\u041F\\u043F]","T":"[\\u0422\\u0442]","U":"[\\u0423\\u0443]","F":"[\\u0424\\u0444]","H":"[\\u0425\\u0445]","TS":"[\\u0426\\u0446]","CH":"[\\u0427\\u0447]","SH":"[\\u0428\\u0448\\u0429\\u0449]","I":"[\\u042B\\u044B]","E":"[\\u042D\\u044D]","YU":"[\\u042E\\u044E]","YA":"[\\u042F\\u044F]","N":"[\\u041D\\u043D]"},"researchesTests":["contentHasTOC","contentHasShortParagraphs","contentHasAssets","keywordInTitle","keywordInMetaDescription","keywordInPermalink","keywordIn10Percent","keywordInContent","keywordInSubheadings","keywordInImageAlt","keywordDensity","keywordNotUsed","lengthContent","lengthPermalink","linksHasInternal","linksHasExternals","linksNotAllExternals","titleStartWithKeyword","titleSentiment","titleHasPowerWords","titleHasNumber","hasContentAI"],"hasRedirection":true,"hasBreadcrumb":false},"homeUrl":"https:\/\/ekspressmoobel.ee\/ru\/","objectID":7884,"objectType":"post","locale":"ru","localeFull":"ru_RU","overlayImages":{"play":{"name":"Play \u0438\u043a\u043e\u043d\u043a\u0430","url":"https:\/\/ekspressmoobel.ee\/wp-content\/plugins\/seo-by-rank-math\/assets\/admin\/img\/icon-play.png","path":"\/var\/www\/turtle\/data\/www\/ekspressmoobel.ee\/wp-content\/plugins\/seo-by-rank-math\/assets\/admin\/img\/icon-play.png","position":"middle_center"},"gif":{"name":"GIF \u0438\u043a\u043e\u043d\u043a\u0430","url":"https:\/\/ekspressmoobel.ee\/wp-content\/plugins\/seo-by-rank-math\/assets\/admin\/img\/icon-gif.png","path":"\/var\/www\/turtle\/data\/www\/ekspressmoobel.ee\/wp-content\/plugins\/seo-by-rank-math\/assets\/admin\/img\/icon-gif.png","position":"middle_center"}},"defautOgImage":"https:\/\/ekspressmoobel.ee\/wp-content\/plugins\/seo-by-rank-math\/assets\/admin\/img\/social-placeholder.jpg","customPermalinks":true,"isUserRegistered":false,"autoSuggestKeywords":false,"connectSiteUrl":"https:\/\/rankmath.com\/auth?site=https%3A%2F%2Fekspressmoobel.ee%2Fru%2F&r=https%3A%2F%2Fekspressmoobel.ee%2Fru%2Fwp-json%2Fwp%2Fv2%2Fpages%2F7884%3Fnonce%3D5d95cb0ebf","maxTags":5,"trendsIcon":"<svg viewBox=\"0 0 610 610\"><path d=\"M18.85,446,174.32,290.48l58.08,58.08L76.93,504a14.54,14.54,0,0,1-20.55,0L18.83,466.48a14.54,14.54,0,0,1,0-20.55Z\" style=\"fill:#4285f4\"\/><path d=\"M242.65,242.66,377.59,377.6l-47.75,47.75a14.54,14.54,0,0,1-20.55,0L174.37,290.43l47.75-47.75A14.52,14.52,0,0,1,242.65,242.66Z\" style=\"fill:#ea4335\"\/><polygon points=\"319.53 319.53 479.26 159.8 537.34 217.88 377.61 377.62 319.53 319.53\" style=\"fill:#fabb05\"\/><path d=\"M594.26,262.73V118.61h0a16.94,16.94,0,0,0-16.94-16.94H433.2a16.94,16.94,0,0,0-12,28.92L565.34,274.71h0a16.94,16.94,0,0,0,28.92-12Z\" style=\"fill:#34a853\"\/><rect width=\"610\" height=\"610\" style=\"fill:none\"\/><\/svg>","showScore":true,"siteFavIcon":"https:\/\/ekspressmoobel.ee\/wp-content\/uploads\/2022\/10\/fav-green-150x150.png","canUser":{"general":false,"advanced":false,"snippet":false,"social":false,"analysis":false,"analytics":false,"content_ai":false},"showKeywordIntent":true,"isPro":false,"is_front_page":false,"trendsUpgradeLink":"https:\/\/rankmath.com\/pricing\/?utm_source=Plugin&utm_medium=CE%20General%20Tab%20Trends&utm_campaign=WP","trendsUpgradeLabel":"\u0410\u043f\u0433\u0440\u0435\u0439\u0434","trendsPreviewImage":"https:\/\/ekspressmoobel.ee\/wp-content\/plugins\/seo-by-rank-math\/assets\/admin\/img\/trends-preview.jpg","currentEditor":false,"homepageData":{"assessor":{"powerWords":[],"diacritics":true,"researchesTests":["contentHasTOC","contentHasShortParagraphs","contentHasAssets","keywordInTitle","keywordInMetaDescription","keywordInPermalink","keywordIn10Percent","keywordInContent","keywordInSubheadings","keywordInImageAlt","keywordDensity","keywordNotUsed","lengthContent","lengthPermalink","linksHasInternal","linksHasExternals","linksNotAllExternals","titleStartWithKeyword","titleSentiment","titleHasPowerWords","titleHasNumber","hasContentAI"],"hasBreadcrumb":false,"serpData":{"title":"%sitename% %page% %sep% %sitedesc%","description":"","titleTemplate":"%sitename% %page% %sep% %sitedesc%","descriptionTemplate":"","focusKeywords":"","breadcrumbTitle":"Home","robots":{"index":true},"advancedRobots":[],"facebookTitle":"","facebookDescription":"","facebookImage":"","facebookImageID":""}}},"tocTitle":"Table of Contents","tocExcludeHeadings":[],"listStyle":"ul"},"_links":{"self":[{"href":"https:\/\/ekspressmoobel.ee\/ru\/wp-json\/wp\/v2\/pages\/7884","targetHints":{"allow":["GET"]}}],"collection":[{"href":"https:\/\/ekspressmoobel.ee\/ru\/wp-json\/wp\/v2\/pages"}],"about":[{"href":"https:\/\/ekspressmoobel.ee\/ru\/wp-json\/wp\/v2\/types\/page"}],"author":[{"embeddable":true,"href":"https:\/\/ekspressmoobel.ee\/ru\/wp-json\/wp\/v2\/users\/2"}],"replies":[{"embeddable":true,"href":"https:\/\/ekspressmoobel.ee\/ru\/wp-json\/wp\/v2\/comments?post=7884"}],"version-history":[{"count":0,"href":"https:\/\/ekspressmoobel.ee\/ru\/wp-json\/wp\/v2\/pages\/7884\/revisions"}],"wp:attachment":[{"href":"https:\/\/ekspressmoobel.ee\/ru\/wp-json\/wp\/v2\/media?parent=7884"}],"wp:term":[{"taxonomy":"dipi_cpt_category","embeddable":true,"href":"https:\/\/ekspressmoobel.ee\/ru\/wp-json\/wp\/v2\/dipi_cpt_category?post=7884"}],"curies":[{"name":"wp","href":"https:\/\/api.w.org\/{rel}","templated":true}]}}