{"id":7863,"date":"2022-07-08T11:07:28","date_gmt":"2022-07-08T08:07:28","guid":{"rendered":"https:\/\/ekspressmoobel.ee\/?page_id=7863"},"modified":"2023-08-30T12:24:31","modified_gmt":"2023-08-30T09:24:31","slug":"kontakt","status":"publish","type":"page","link":"https:\/\/ekspressmoobel.ee\/ru\/kontakt\/","title":{"rendered":"\u041a\u043e\u043d\u0442\u0430\u043a\u0442"},"content":{"rendered":"<p>[et_pb_section fb_built=&#187;1&#8243; _builder_version=&#187;4.17.4&#8243; _module_preset=&#187;default&#187; custom_padding=&#187;0px||||false|false&#187; global_colors_info=&#187;{}&#187;][et_pb_row _builder_version=&#187;4.17.4&#8243; _module_preset=&#187;default&#187; global_colors_info=&#187;{}&#187;][et_pb_column type=&#187;4_4&#8243; _builder_version=&#187;4.17.4&#8243; _module_preset=&#187;default&#187; global_colors_info=&#187;{}&#187;][et_pb_text _builder_version=&#187;4.17.4&#8243; _module_preset=&#187;default&#187; text_orientation=&#187;center&#187; global_colors_info=&#187;{}&#187;]<\/p>\n<h1> \u041a\u043e\u043d\u0442\u0430\u043a\u0442 <\/h1>\n<p>[\/et_pb_text][\/et_pb_column][\/et_pb_row][et_pb_row column_structure=&#187;1_4,1_2,1_4&#8243; _builder_version=&#187;4.17.4&#8243; _module_preset=&#187;default&#187; global_colors_info=&#187;{}&#187;][et_pb_column type=&#187;1_4&#8243; _builder_version=&#187;4.17.4&#8243; _module_preset=&#187;default&#187; global_colors_info=&#187;{}&#187;][\/et_pb_column][et_pb_column type=&#187;1_2&#8243; _builder_version=&#187;4.17.4&#8243; _module_preset=&#187;default&#187; global_colors_info=&#187;{}&#187;][dvppl_cf7_styler cf7=&#187;2084&#8243; form_background_color=&#187;#FFFFFF&#187; form_field_spacing=&#187;10px&#187; _builder_version=&#187;4.17.4&#8243; _module_preset=&#187;default&#187; form_field_font_text_align=&#187;center&#187; form_field_font_font_size=&#187;18px&#187; labels_text_color=&#187;#2A2A2A&#187; labels_font_size=&#187;19px&#187; custom_submit_button=&#187;on&#187; submit_button_text_size=&#187;18px&#187; submit_button_text_color=&#187;#FFFFFF&#187; submit_button_bg_color=&#187;#0AAD01&#8243; submit_button_border_color=&#187;#0AAD01&#8243; submit_button_custom_padding=&#187;15px|50px|15px|50px|true|true&#187; width=&#187;100%&#187; custom_padding=&#187;||||false|false&#187; border_radii_field=&#187;on|5px|5px|5px|5px&#187; border_color_all_field=&#187;#2A2A2A&#187; global_colors_info=&#187;{}&#187;][\/dvppl_cf7_styler][\/et_pb_column][et_pb_column type=&#187;1_4&#8243; _builder_version=&#187;4.17.4&#8243; _module_preset=&#187;default&#187; global_colors_info=&#187;{}&#187;][\/et_pb_column][\/et_pb_row][\/et_pb_section][et_pb_section fb_built=&#187;1&#8243; _builder_version=&#187;4.17.4&#8243; _module_preset=&#187;default&#187; custom_padding=&#187;0px||||false|false&#187; global_colors_info=&#187;{}&#187;][et_pb_row column_structure=&#187;1_2,1_2&#8243; use_custom_gutter=&#187;on&#187; gutter_width=&#187;1&#8243; _builder_version=&#187;4.17.4&#8243; _module_preset=&#187;default&#187; global_colors_info=&#187;{}&#187;][et_pb_column type=&#187;1_2&#8243; _builder_version=&#187;4.17.4&#8243; _module_preset=&#187;default&#187; global_colors_info=&#187;{}&#187;][et_pb_text _builder_version=&#187;4.17.4&#8243; _module_preset=&#187;default&#187; link_text_color=&#187;#0AAD01&#8243; global_colors_info=&#187;{}&#187;]<\/p>\n<h4>Ekspress m\u00f6\u00f6bel O\u00dc<\/h4>\n<p>\u0420\u0435\u0433\u0438\u0441\u0442\u0440\u0430\u0446\u0438\u043e\u043d\u043d\u044b\u0439 \u043a\u043e\u0434: 12742422<\/p>\n<p>KMKR nr: EE101759027<\/p>\n<p>\u041f\u0420\u041e\u0421\u0418\u041c \u0414\u041e\u0413\u041e\u0412\u041e\u0420\u0418\u0422\u042c\u0421\u042f \u041e \u0412\u0420\u0415\u041c\u0415\u041d\u0418 \u0414\u041b\u042f \u0412\u0421\u0422\u0420\u0415\u0427\u0418 \u041f\u041e \u0422\u0415\u041b\u0415\u0424\u041e\u041d\u0423 \u0418\u041b\u0418 \u042d-\u041f\u041e\u0427\u0422\u0415!<\/p>\n<p><strong> \u0417\u0430\u043a\u0430\u0437:<\/strong>\u00a0<a href=\"tel:+37256836677\">56 836 677<\/a><\/p>\n<p><strong> \u0420\u0443\u043a\u043e\u0432\u043e\u0434\u0438\u0442\u0435\u043b\u044c:<\/strong>\u00a0<a href=\"tel:+37253888911\">53 888 911<\/a><\/p>\n<p><strong>\u042d-\u043f\u043e\u0447\u0442\u0430:<\/strong><br \/>\n\u041e\u0442\u0434\u0435\u043b \u043f\u0440\u043e\u0434\u0430\u0436: sales[at]ekspressmoobel.ee<br \/>\n\u041e\u0431\u0449\u0430\u044f \u0438\u043d\u0444\u043e\u0440\u043c\u0430\u0446\u0438\u044f: info[at]ekspressmoobel.ee<\/p>\n<p>\u0412\u0440\u0435\u043c\u044f \u0440\u0430\u0431\u043e\u0442\u044b:<br \/>\n\u041f\u041e \u041f\u0420\u0415\u0414\u0412\u0410\u0420\u0418\u0422\u0415\u041b\u042c\u041d\u041e\u0419 \u0414\u041e\u0413\u041e\u0412\u041e\u0420\u0415\u041d\u041d\u041e\u0421\u0422\u0418<\/p>\n<p>\u0410\u0434\u0440\u0435\u0441:<br \/>\nPae tn. 26, Tallinn[\/et_pb_text][\/et_pb_column][et_pb_column type=&#187;1_2&#8243; _builder_version=&#187;4.17.4&#8243; _module_preset=&#187;default&#187; global_colors_info=&#187;{}&#187;][et_pb_code _builder_version=&#187;4.17.4&#8243; _module_preset=&#187;default&#187; global_colors_info=&#187;{}&#187;]<iframe src=\"https:\/\/www.google.com\/maps\/embed?pb=!1m14!1m8!1m3!1d1043.100386260903!2d24.808581913590707!3d59.430512778878814!3m2!1i1024!2i768!4f13.1!3m3!1m2!1s0x4692ecaea03580b5%3A0xab725482566359ce!2zRWtzcHJlc3MgTcO2w7ZiZWwgT8Oc!5e0!3m2!1sru!2see!4v1655287549850!5m2!1sru!2see\" width=\"600\" height=\"450\" style=\"border:0;\" allowfullscreen=\"\" loading=\"lazy\" referrerpolicy=\"no-referrer-when-downgrade\"><\/iframe>[\/et_pb_code][et_pb_text _builder_version=&#187;4.17.4&#8243; _module_preset=&#187;default&#187; text_text_color=&#187;#2A2A2A&#187; custom_padding=&#187;10px||||false|false&#187; global_colors_info=&#187;{}&#187;]<\/p>\n<p>Pae 26 11414 Tallinn<\/p>\n<p>[\/et_pb_text][\/et_pb_column][\/et_pb_row][et_pb_row _builder_version=&#187;4.18.0&#8243; _module_preset=&#187;default&#187;][et_pb_column _builder_version=&#187;4.18.0&#8243; _module_preset=&#187;default&#187; type=&#187;4_4&#8243;][et_pb_text _builder_version=&#187;4.18.0&#8243; _module_preset=&#187;default&#187; hover_enabled=&#187;0&#8243; sticky_enabled=&#187;0&#8243;]<\/p>\n<h3>\u041a\u0430\u043a \u0434\u043e\u0431\u0440\u0430\u0442\u044c\u0441\u044f<\/h3>\n<p>\u0420\u044f\u0434\u043e\u043c \u0440\u0430\u0441\u043f\u043e\u043b\u043e\u0436\u0435\u043d\u0430 \u043e\u0441\u0442\u0430\u043d\u043e\u0432\u043a\u0430 \u043e\u0431\u0449\u0435\u0441\u0442\u0432\u0435\u043d\u043d\u043e\u0433\u043e \u0442\u0440\u0430\u043d\u0441\u043f\u043e\u0440\u0442\u0430 <strong>Kiive<\/strong>.<br \/>\u0410\u0432\u0442\u043e\u0431\u0443\u0441\u044b: 7, 13, 50, 58<\/p>\n<p><a href=\"https:\/\/goo.gl\/maps\/iznftZPVEFeRqNkm9\" target=\"_blank\" rel=\"noopener\">\u041e\u0442\u043a\u0440\u044b\u0442\u044c \u043c\u0430\u0440\u0448\u0440\u0443\u0442 \u0432 Google Maps &#8212;&gt;<\/a><\/p>\n<p>[\/et_pb_text][et_pb_image src=&#187;https:\/\/ekspressmoobel.ee\/wp-content\/uploads\/2023\/08\/ekspress.jpg&#187; _builder_version=&#187;4.18.0&#8243; _module_preset=&#187;default&#187; title_text=&#187;ekspress&#187; hover_enabled=&#187;0&#8243; sticky_enabled=&#187;0&#8243;][\/et_pb_image][\/et_pb_column][\/et_pb_row][\/et_pb_section]<\/p>\n","protected":false},"excerpt":{"rendered":"<p>\u041a\u043e\u043d\u0442\u0430\u043a\u0442 <div class=\"et_pb_with_border et_pb_module dvppl_cf7_styler dvppl_cf7_styler_0\">\n\t\t\t\t\n\t\t\t\t\n\t\t\t\t\n\t\t\t\t\n\t\t\t\t\n\t\t\t\t\n\t\t\t\t<div class=\"et_pb_module_inner\">\n\t\t\t\t\t<div class=\"dipe-cf7-container dipe-cf7-button-left\">\n\t\t\t\t\n\t\t\t\t<div class=\"dipe-cf7 dipe-cf7-styler \">\n\t\t\t\t\t\n<div class=\"wpcf7 no-js\" id=\"wpcf7-f2084-o1\" lang=\"ru-RU\" dir=\"ltr\" data-wpcf7-id=\"2084\">\n<div class=\"screen-reader-response\"><p role=\"status\" aria-live=\"polite\" aria-atomic=\"true\"><\/p> <ul><\/ul><\/div>\n<form action=\"\/ru\/wp-json\/wp\/v2\/pages\/7863#wpcf7-f2084-o1\" method=\"post\" class=\"wpcf7-form init\" aria-label=\"\u041a\u043e\u043d\u0442\u0430\u043a\u0442\u043d\u0430\u044f \u0444\u043e\u0440\u043c\u0430\" novalidate=\"novalidate\" data-status=\"init\">\n<div style=\"display: none;\">\n<input type=\"hidden\" name=\"_wpcf7\" value=\"2084\" \/>\n<input type=\"hidden\" name=\"_wpcf7_version\" value=\"6.0.5\" \/>\n<input type=\"hidden\" name=\"_wpcf7_locale\" value=\"ru_RU\" \/>\n<input type=\"hidden\" name=\"_wpcf7_unit_tag\" value=\"wpcf7-f2084-o1\" \/>\n<input type=\"hidden\" name=\"_wpcf7_container_post\" value=\"0\" \/>\n<input type=\"hidden\" name=\"_wpcf7_posted_data_hash\" value=\"\" \/>\n<input type=\"hidden\" name=\"_wpcf7_recaptcha_response\" value=\"\" \/>\n<\/div>\n<p>\u0412\u0430\u0448\u0435 \u0438\u043c\u044f*<br \/>\n    <span class=\"wpcf7-form-control-wrap\" data-name=\"your-name\"><input size=\"40\" maxlength=\"400\" class=\"wpcf7-form-control wpcf7-text wpcf7-validates-as-required\" aria-required=\"true\" aria-invalid=\"false\" value=\"\" type=\"text\" name=\"your-name\" \/><\/span> <\/p>\n\n<p>\u0412\u0430\u0448 e-mail*<br \/>\n    <span class=\"wpcf7-form-control-wrap\" data-name=\"your-email\"><input size=\"40\" maxlength=\"400\" class=\"wpcf7-form-control wpcf7-email wpcf7-validates-as-required wpcf7-text wpcf7-validates-as-email\" aria-required=\"true\" aria-invalid=\"false\" value=\"\" type=\"email\" name=\"your-email\" \/><\/span> <\/p>\n\n<p>\u0421\u043e\u043e\u0431\u0449\u0435\u043d\u0438\u0435<br \/>\n    <span class=\"wpcf7-form-control-wrap\" data-name=\"your-message\"><textarea cols=\"40\" rows=\"3\" maxlength=\"2000\" class=\"wpcf7-form-control wpcf7-textarea\" aria-invalid=\"false\" name=\"your-message\"><\/textarea><\/span> <\/p>\n\n<span class=\"wpcf7-form-control-wrap\" data-name=\"acceptance-931\"><span class=\"wpcf7-form-control wpcf7-acceptance optional\"><span class=\"wpcf7-list-item\"><label><input type=\"checkbox\" name=\"acceptance-931\" value=\"1\" aria-invalid=\"false\" \/><span class=\"wpcf7-list-item-label\"><a href=\"https:\/\/ekspressmoobel.ee\/isikuandmete-tootlemine\/\">\u0414\u0430\u044e \u0441\u043e\u0433\u043b\u0430\u0441\u0438\u0435 \u043d\u0430 \u043e\u0431\u0440\u0430\u0431\u043e\u0442\u043a\u0443 \u043b\u0438\u0447\u043d\u044b\u0445 \u0434\u0430\u043d\u043d\u044b\u0445*<\/a><\/span><\/label><\/span><\/span><\/span>\n\n<p><input class=\"wpcf7-form-control wpcf7-submit has-spinner\" type=\"submit\" value=\"\u041e\u0442\u043f\u0440\u0430\u0432\u0438\u0442\u044c\" \/><\/p><p style=\"display: none !important;\" class=\"akismet-fields-container\" data-prefix=\"_wpcf7_ak_\"><label>&#916;<textarea name=\"_wpcf7_ak_hp_textarea\" cols=\"45\" rows=\"8\" maxlength=\"100\"><\/textarea><\/label><input type=\"hidden\" id=\"ak_js_1\" name=\"_wpcf7_ak_js\" value=\"173\"\/><script>document.getElementById( \"ak_js_1\" ).setAttribute( \"value\", ( new Date() ).getTime() );<\/script><\/p><input type='hidden' class='wpcf7-pum' value='{\"closepopup\":false,\"closedelay\":0,\"openpopup\":false,\"openpopup_id\":0}' \/><div class=\"wpcf7-response-output\" aria-hidden=\"true\"><\/div>\n<\/form>\n<\/div>\n\n\t\t\t\t<\/div>\n\t\t\t<\/div>\n\t\t\t\t<\/div>\n\t\t\t<\/div>Ekspress m\u00f6\u00f6bel O\u00dc \u0420\u0435\u0433\u0438\u0441\u0442\u0440\u0430\u0446\u0438\u043e\u043d\u043d\u044b\u0439 \u043a\u043e\u0434: 12742422 KMKR nr: EE101759027 \u041f\u0420\u041e\u0421\u0418\u041c \u0414\u041e\u0413\u041e\u0412\u041e\u0420\u0418\u0422\u042c\u0421\u042f \u041e \u0412\u0420\u0415\u041c\u0415\u041d\u0418 \u0414\u041b\u042f \u0412\u0421\u0422\u0420\u0415\u0427\u0418 \u041f\u041e \u0422\u0415\u041b\u0415\u0424\u041e\u041d\u0423 \u0418\u041b\u0418 \u042d-\u041f\u041e\u0427\u0422\u0415! \u0417\u0430\u043a\u0430\u0437:\u00a056 836 677 \u0420\u0443\u043a\u043e\u0432\u043e\u0434\u0438\u0442\u0435\u043b\u044c:\u00a053 888 911 \u042d-\u043f\u043e\u0447\u0442\u0430: \u041e\u0442\u0434\u0435\u043b \u043f\u0440\u043e\u0434\u0430\u0436: sales[at]ekspressmoobel.ee \u041e\u0431\u0449\u0430\u044f \u0438\u043d\u0444\u043e\u0440\u043c\u0430\u0446\u0438\u044f: info[at]ekspressmoobel.ee \u0412\u0440\u0435\u043c\u044f \u0440\u0430\u0431\u043e\u0442\u044b: [&hellip;]<\/p>\n","protected":false},"author":2,"featured_media":0,"parent":0,"menu_order":0,"comment_status":"closed","ping_status":"closed","template":"","meta":{"_et_pb_use_builder":"on","_et_pb_old_content":"[et_pb_section fb_built=\"1\" _builder_version=\"4.17.4\" _module_preset=\"default\" hover_enabled=\"0\" global_colors_info=\"{}\" custom_padding=\"0px||||false|false\" sticky_enabled=\"0\"][et_pb_row _builder_version=\"4.17.4\" _module_preset=\"default\" global_colors_info=\"{}\"][et_pb_column type=\"4_4\" _builder_version=\"4.17.4\" _module_preset=\"default\" global_colors_info=\"{}\"][et_pb_text _builder_version=\"4.17.4\" _module_preset=\"default\" text_orientation=\"center\" global_colors_info=\"{}\"]<h1> Kontakt <\/h1>[\/et_pb_text][\/et_pb_column][\/et_pb_row][et_pb_row column_structure=\"1_4,1_2,1_4\" _builder_version=\"4.17.4\" _module_preset=\"default\" global_colors_info=\"{}\"][et_pb_column type=\"1_4\" _builder_version=\"4.17.4\" _module_preset=\"default\" global_colors_info=\"{}\"][\/et_pb_column][et_pb_column type=\"1_2\" _builder_version=\"4.17.4\" _module_preset=\"default\" global_colors_info=\"{}\"][dvppl_cf7_styler cf7=\"167\" form_background_color=\"#FFFFFF\" form_field_spacing=\"10px\" _builder_version=\"4.17.4\" _module_preset=\"default\" form_field_font_text_align=\"center\" form_field_font_font_size=\"18px\" labels_text_color=\"#2A2A2A\" labels_font_size=\"19px\" custom_submit_button=\"on\" submit_button_text_size=\"18px\" submit_button_text_color=\"#FFFFFF\" submit_button_bg_color=\"#0AAD01\" submit_button_border_color=\"#0AAD01\" submit_button_custom_padding=\"15px|50px|15px|50px|true|true\" width=\"100%\" custom_padding=\"||||false|false\" border_radii_field=\"on|5px|5px|5px|5px\" border_color_all_field=\"#2A2A2A\" global_colors_info=\"{}\"][\/dvppl_cf7_styler][\/et_pb_column][et_pb_column type=\"1_4\" _builder_version=\"4.17.4\" _module_preset=\"default\" global_colors_info=\"{}\"][\/et_pb_column][\/et_pb_row][\/et_pb_section][et_pb_section fb_built=\"1\" _builder_version=\"4.17.4\" _module_preset=\"default\" custom_padding=\"0px||||false|false\" global_colors_info=\"{}\"][et_pb_row column_structure=\"1_2,1_2\" use_custom_gutter=\"on\" gutter_width=\"1\" _builder_version=\"4.17.4\" _module_preset=\"default\" global_colors_info=\"{}\"][et_pb_column type=\"1_2\" _builder_version=\"4.17.4\" _module_preset=\"default\" global_colors_info=\"{}\"][et_pb_text _builder_version=\"4.17.4\" _module_preset=\"default\" link_text_color=\"#0AAD01\" global_colors_info=\"{}\"]<h4>Ekspress m\u00f6\u00f6bel O\u00dc<\/h4>\r\n<p>Registrikood: 12742422<\/p>\r\n<p>KMKR nr: EE101759027<\/p>\r\n<p>PALUME EELNEVALT ENNE KOHALE TULEKUT KINDLASTI AEG KOKKU LEPPIDA E-POSTI V\u00d5I TELEFONI TEEL!<\/p>\r\n<p><strong>Tellimine:<\/strong>\u00a0<a href=\"tel:+37256836677\">56 836 677<\/a><\/p>\r\n<p><strong>Juhataja:<\/strong>\u00a0<a href=\"tel:+37253888911\">53 888 911<\/a><\/p>\r\n<p><strong>E-mail:<\/strong><br \/>M\u00fc\u00fcgiosakond: sales[at]ekspressmoobel.ee<br \/>\u00dcldinfo: info[at]ekspressmoobel.ee<\/p>\r\n<p>T\u00f6\u00f6aeg:<br \/>KOKKULEPPEL<\/p>\r\n<p>Aadress:<br \/>Pae tn. 26, Tallinn<\/p>[\/et_pb_text][\/et_pb_column][et_pb_column type=\"1_2\" _builder_version=\"4.17.4\" _module_preset=\"default\" global_colors_info=\"{}\"][et_pb_code _builder_version=\"4.17.4\" _module_preset=\"default\" global_colors_info=\"{}\"]<iframe src=\"https:\/\/www.google.com\/maps\/embed?pb=!1m14!1m8!1m3!1d1043.100386260903!2d24.808581913590707!3d59.430512778878814!3m2!1i1024!2i768!4f13.1!3m3!1m2!1s0x4692ecaea03580b5%3A0xab725482566359ce!2zRWtzcHJlc3MgTcO2w7ZiZWwgT8Oc!5e0!3m2!1sru!2see!4v1655287549850!5m2!1sru!2see\" width=\"600\" height=\"450\" style=\"border:0;\" allowfullscreen=\"\" loading=\"lazy\" referrerpolicy=\"no-referrer-when-downgrade\"><\/iframe>[\/et_pb_code][et_pb_text _builder_version=\"4.17.4\" _module_preset=\"default\" text_text_color=\"#2A2A2A\" custom_padding=\"10px||||false|false\" global_colors_info=\"{}\"]<p>Pae 26 11414 Tallinn<\/p>[\/et_pb_text][\/et_pb_column][\/et_pb_row][\/et_pb_section]","_et_gb_content_width":"","footnotes":""},"dipi_cpt_category":[],"class_list":["post-7863","page","type-page","status-publish","hentry"],"rankMath":{"parentDomain":"ekspressmoobel.ee","noFollowDomains":[],"noFollowExcludeDomains":[],"noFollowExternalLinks":false,"featuredImageNotice":"\u041f\u043e\u043a\u0430\u0437\u0430\u043d\u043d\u043e\u0435 \u0438\u0437\u043e\u0431\u0440\u0430\u0436\u0435\u043d\u0438\u0435 \u0434\u043e\u043b\u0436\u043d\u043e \u0431\u044b\u0442\u044c \u0440\u0430\u0437\u043c\u0435\u0440\u043e\u043c \u043d\u0435 \u043c\u0435\u043d\u0435\u0435 200 \u043d\u0430 200 \u043f\u0438\u043a\u0441\u0435\u043b\u0435\u0439, \u0447\u0442\u043e\u0431\u044b \u0435\u0433\u043e \u043c\u043e\u0433\u043b\u0438 \u0443\u0432\u0438\u0434\u0435\u0442\u044c Facebook \u0438 \u0434\u0440\u0443\u0433\u0438\u0435 \u0441\u0430\u0439\u0442\u044b \u0441\u043e\u0446\u0438\u0430\u043b\u044c\u043d\u044b\u0445 \u0441\u0435\u0442\u0435\u0439.","pluginReviewed":false,"postSettings":{"linkSuggestions":true,"useFocusKeyword":false},"frontEndScore":false,"postName":"kontakt","permalinkFormat":"https:\/\/ekspressmoobel.ee\/ru\/%pagename%\/","showLockModifiedDate":true,"assessor":{"focusKeywordLink":"https:\/\/ekspressmoobel.ee\/wp-admin\/edit.php?focus_keyword=%focus_keyword%&post_type=%post_type%","hasTOCPlugin":{"easy-table-of-contents\/easy-table-of-contents.php":"Easy Table of Contents"},"primaryTaxonomy":false,"serpData":{"title":"","description":"","focusKeywords":"","pillarContent":false,"canonicalUrl":"","breadcrumbTitle":"","advancedRobots":[],"facebookTitle":"","facebookDescription":"","facebookImage":"","facebookImageID":"","facebookHasOverlay":false,"facebookImageOverlay":"","facebookAuthor":"","twitterCardType":"","twitterUseFacebook":true,"twitterTitle":"","twitterDescription":"","twitterImage":"","twitterImageID":"","twitterHasOverlay":false,"twitterImageOverlay":"","twitterPlayerUrl":"","twitterPlayerSize":"","twitterPlayerStream":"","twitterPlayerStreamCtype":"","twitterAppDescription":"","twitterAppIphoneName":"","twitterAppIphoneID":"","twitterAppIphoneUrl":"","twitterAppIpadName":"","twitterAppIpadID":"","twitterAppIpadUrl":"","twitterAppGoogleplayName":"","twitterAppGoogleplayID":"","twitterAppGoogleplayUrl":"","twitterAppCountry":"","robots":{"index":true},"twitterAuthor":"\u0438\u043c\u044f \u043f\u043e\u043b\u044c\u0437\u043e\u0432\u0430\u0442\u0435\u043b\u044f","primaryTerm":0,"authorName":"support","titleTemplate":"%title% %sep% %sitename%","descriptionTemplate":"%excerpt%","showScoreFrontend":true,"lockModifiedDate":false},"powerWords":[],"diacritics":{"A":"[\\u0410\\u0430]","B":"[\\u0411\\u0431]","V":"[\\u0412\\u0432]","G":"[\\u0413\\u0433]","D":"[\\u0414\\u0434]","YE":"[\\u0415\\u0435]","YO":"[\\u0401\\u0451]","ZH":"[\\u0416\\u0436]","Z":"[\\u0417\\u0437]","EE":"[\\u0418\\u0438]","YI":"[\\u0419\\u0439]","K":"[\\u041A\\u043A]","L":"[\\u041B\\u043B]","M":"[\\u041C\\u043c]","P":"[\\u041F\\u043F]","T":"[\\u0422\\u0442]","U":"[\\u0423\\u0443]","F":"[\\u0424\\u0444]","H":"[\\u0425\\u0445]","TS":"[\\u0426\\u0446]","CH":"[\\u0427\\u0447]","SH":"[\\u0428\\u0448\\u0429\\u0449]","I":"[\\u042B\\u044B]","E":"[\\u042D\\u044D]","YU":"[\\u042E\\u044E]","YA":"[\\u042F\\u044F]","N":"[\\u041D\\u043D]"},"researchesTests":["contentHasTOC","contentHasShortParagraphs","contentHasAssets","keywordInTitle","keywordInMetaDescription","keywordInPermalink","keywordIn10Percent","keywordInContent","keywordInSubheadings","keywordInImageAlt","keywordDensity","keywordNotUsed","lengthContent","lengthPermalink","linksHasInternal","linksHasExternals","linksNotAllExternals","titleStartWithKeyword","titleSentiment","titleHasPowerWords","titleHasNumber","hasContentAI"],"hasRedirection":true,"hasBreadcrumb":false},"homeUrl":"https:\/\/ekspressmoobel.ee\/ru\/","objectID":7863,"objectType":"post","locale":"ru","localeFull":"ru_RU","overlayImages":{"play":{"name":"Play \u0438\u043a\u043e\u043d\u043a\u0430","url":"https:\/\/ekspressmoobel.ee\/wp-content\/plugins\/seo-by-rank-math\/assets\/admin\/img\/icon-play.png","path":"\/var\/www\/turtle\/data\/www\/ekspressmoobel.ee\/wp-content\/plugins\/seo-by-rank-math\/assets\/admin\/img\/icon-play.png","position":"middle_center"},"gif":{"name":"GIF \u0438\u043a\u043e\u043d\u043a\u0430","url":"https:\/\/ekspressmoobel.ee\/wp-content\/plugins\/seo-by-rank-math\/assets\/admin\/img\/icon-gif.png","path":"\/var\/www\/turtle\/data\/www\/ekspressmoobel.ee\/wp-content\/plugins\/seo-by-rank-math\/assets\/admin\/img\/icon-gif.png","position":"middle_center"}},"defautOgImage":"https:\/\/ekspressmoobel.ee\/wp-content\/plugins\/seo-by-rank-math\/assets\/admin\/img\/social-placeholder.jpg","customPermalinks":true,"isUserRegistered":false,"autoSuggestKeywords":false,"connectSiteUrl":"https:\/\/rankmath.com\/auth?site=https%3A%2F%2Fekspressmoobel.ee%2Fru%2F&r=https%3A%2F%2Fekspressmoobel.ee%2Fru%2Fwp-json%2Fwp%2Fv2%2Fpages%2F7863%3Fnonce%3Deee2507f5c","maxTags":5,"trendsIcon":"<svg viewBox=\"0 0 610 610\"><path d=\"M18.85,446,174.32,290.48l58.08,58.08L76.93,504a14.54,14.54,0,0,1-20.55,0L18.83,466.48a14.54,14.54,0,0,1,0-20.55Z\" style=\"fill:#4285f4\"\/><path d=\"M242.65,242.66,377.59,377.6l-47.75,47.75a14.54,14.54,0,0,1-20.55,0L174.37,290.43l47.75-47.75A14.52,14.52,0,0,1,242.65,242.66Z\" style=\"fill:#ea4335\"\/><polygon points=\"319.53 319.53 479.26 159.8 537.34 217.88 377.61 377.62 319.53 319.53\" style=\"fill:#fabb05\"\/><path d=\"M594.26,262.73V118.61h0a16.94,16.94,0,0,0-16.94-16.94H433.2a16.94,16.94,0,0,0-12,28.92L565.34,274.71h0a16.94,16.94,0,0,0,28.92-12Z\" style=\"fill:#34a853\"\/><rect width=\"610\" height=\"610\" style=\"fill:none\"\/><\/svg>","showScore":true,"siteFavIcon":"https:\/\/ekspressmoobel.ee\/wp-content\/uploads\/2022\/10\/fav-green-150x150.png","canUser":{"general":false,"advanced":false,"snippet":false,"social":false,"analysis":false,"analytics":false,"content_ai":false},"showKeywordIntent":true,"isPro":false,"is_front_page":false,"trendsUpgradeLink":"https:\/\/rankmath.com\/pricing\/?utm_source=Plugin&utm_medium=CE%20General%20Tab%20Trends&utm_campaign=WP","trendsUpgradeLabel":"\u0410\u043f\u0433\u0440\u0435\u0439\u0434","trendsPreviewImage":"https:\/\/ekspressmoobel.ee\/wp-content\/plugins\/seo-by-rank-math\/assets\/admin\/img\/trends-preview.jpg","currentEditor":false,"homepageData":{"assessor":{"powerWords":[],"diacritics":true,"researchesTests":["contentHasTOC","contentHasShortParagraphs","contentHasAssets","keywordInTitle","keywordInMetaDescription","keywordInPermalink","keywordIn10Percent","keywordInContent","keywordInSubheadings","keywordInImageAlt","keywordDensity","keywordNotUsed","lengthContent","lengthPermalink","linksHasInternal","linksHasExternals","linksNotAllExternals","titleStartWithKeyword","titleSentiment","titleHasPowerWords","titleHasNumber","hasContentAI"],"hasBreadcrumb":false,"serpData":{"title":"%sitename% %page% %sep% %sitedesc%","description":"","titleTemplate":"%sitename% %page% %sep% %sitedesc%","descriptionTemplate":"","focusKeywords":"","breadcrumbTitle":"Home","robots":{"index":true},"advancedRobots":[],"facebookTitle":"","facebookDescription":"","facebookImage":"","facebookImageID":""}}},"tocTitle":"Table of Contents","tocExcludeHeadings":[],"listStyle":"ul"},"_links":{"self":[{"href":"https:\/\/ekspressmoobel.ee\/ru\/wp-json\/wp\/v2\/pages\/7863","targetHints":{"allow":["GET"]}}],"collection":[{"href":"https:\/\/ekspressmoobel.ee\/ru\/wp-json\/wp\/v2\/pages"}],"about":[{"href":"https:\/\/ekspressmoobel.ee\/ru\/wp-json\/wp\/v2\/types\/page"}],"author":[{"embeddable":true,"href":"https:\/\/ekspressmoobel.ee\/ru\/wp-json\/wp\/v2\/users\/2"}],"replies":[{"embeddable":true,"href":"https:\/\/ekspressmoobel.ee\/ru\/wp-json\/wp\/v2\/comments?post=7863"}],"version-history":[{"count":1,"href":"https:\/\/ekspressmoobel.ee\/ru\/wp-json\/wp\/v2\/pages\/7863\/revisions"}],"predecessor-version":[{"id":9277,"href":"https:\/\/ekspressmoobel.ee\/ru\/wp-json\/wp\/v2\/pages\/7863\/revisions\/9277"}],"wp:attachment":[{"href":"https:\/\/ekspressmoobel.ee\/ru\/wp-json\/wp\/v2\/media?parent=7863"}],"wp:term":[{"taxonomy":"dipi_cpt_category","embeddable":true,"href":"https:\/\/ekspressmoobel.ee\/ru\/wp-json\/wp\/v2\/dipi_cpt_category?post=7863"}],"curies":[{"name":"wp","href":"https:\/\/api.w.org\/{rel}","templated":true}]}}